{"id":94,"date":"2013-10-11T21:13:54","date_gmt":"2013-10-11T21:13:54","guid":{"rendered":"http:\/\/www.edurichard.com\/inici-2\/"},"modified":"2014-08-06T11:30:20","modified_gmt":"2014-08-06T11:30:20","slug":"inici","status":"publish","type":"page","link":"https:\/\/www.edurichard.com\/es\/","title":{"rendered":"Documentaci\u00f3n digital &#038; soluciones web"},"content":{"rendered":"<h3>Bienvenidos a la web de<\/h3>\n<h2><span>Edu Richard<\/span><\/h2>\n<h3 class=\"subtitol\">Documentaci\u00f3n digital &amp; soluciones web<\/h3>\n<p>Dise\u00f1o y programaci\u00f3n de p\u00e1ginas web <strong>autogestionadas<\/strong>, <strong>adaptables <\/strong>a dispositivos m\u00f3viles,<br \/><strong>optimizadas <\/strong>para los buscadores y con las mejores <strong>tecnolog\u00edas<\/strong>. \u00bfQuieres m\u00e1s que una web?<\/p>\n","protected":false},"excerpt":{"rendered":"<p>Bienvenidos a la web de Edu Richard Documentaci\u00f3n digital &amp; soluciones web Dise\u00f1o y programaci\u00f3n de p\u00e1ginas web autogestionadas, adaptables a dispositivos m\u00f3viles,optimizadas para los buscadores y con las mejores tecnolog\u00edas. \u00bfQuieres m\u00e1s que una web?<\/p>\n","protected":false},"author":1,"featured_media":0,"parent":0,"menu_order":0,"comment_status":"closed","ping_status":"closed","template":"templates\/_full_width.php","meta":{"footnotes":""},"class_list":["post-94","page","type-page","status-publish","hentry","container"],"_links":{"self":[{"href":"https:\/\/www.edurichard.com\/es\/wp-json\/wp\/v2\/pages\/94","targetHints":{"allow":["GET"]}}],"collection":[{"href":"https:\/\/www.edurichard.com\/es\/wp-json\/wp\/v2\/pages"}],"about":[{"href":"https:\/\/www.edurichard.com\/es\/wp-json\/wp\/v2\/types\/page"}],"author":[{"embeddable":true,"href":"https:\/\/www.edurichard.com\/es\/wp-json\/wp\/v2\/users\/1"}],"replies":[{"embeddable":true,"href":"https:\/\/www.edurichard.com\/es\/wp-json\/wp\/v2\/comments?post=94"}],"version-history":[{"count":0,"href":"https:\/\/www.edurichard.com\/es\/wp-json\/wp\/v2\/pages\/94\/revisions"}],"wp:attachment":[{"href":"https:\/\/www.edurichard.com\/es\/wp-json\/wp\/v2\/media?parent=94"}],"curies":[{"name":"wp","href":"https:\/\/api.w.org\/{rel}","templated":true}]}}